{"id":3,"date":"2025-05-05T14:58:04","date_gmt":"2025-05-05T14:58:04","guid":{"rendered":"https:\/\/www.oxobeachhouse.com\/?page_id=3"},"modified":"2025-06-05T14:31:32","modified_gmt":"2025-06-05T14:31:32","slug":"integritetspolicy-cookie-policy","status":"publish","type":"page","link":"https:\/\/www.oxobeachhouse.com\/en\/integritetspolicy-cookie-policy\/","title":{"rendered":"Privacy Policy"},"content":{"rendered":"<style>.elementor-3 .elementor-element.elementor-element-6301ea4a{--display:flex;--padding-top:300px;--padding-bottom:100px;--padding-left:0px;--padding-right:0px;}.elementor-3 .elementor-element.elementor-element-1ff044c .elementor-heading-title{font-family:var( --e-global-typography-a81b06f-font-family ), Sans-serif;font-size:var( --e-global-typography-a81b06f-font-size );font-weight:var( --e-global-typography-a81b06f-font-weight );text-transform:var( --e-global-typography-a81b06f-text-transform );font-style:var( --e-global-typography-a81b06f-font-style );text-decoration:var( --e-global-typography-a81b06f-text-decoration );line-height:var( --e-global-typography-a81b06f-line-height );letter-spacing:var( --e-global-typography-a81b06f-letter-spacing );word-spacing:var( --e-global-typography-a81b06f-word-spacing );color:#000000;}.elementor-3 .elementor-element.elementor-element-600919f{color:#000000;}.elementor-3 .elementor-element.elementor-element-600919f a{color:#000000;}@media(max-width:1024px){.elementor-3 .elementor-element.elementor-element-1ff044c .elementor-heading-title{font-size:var( --e-global-typography-a81b06f-font-size );line-height:var( --e-global-typography-a81b06f-line-height );letter-spacing:var( --e-global-typography-a81b06f-letter-spacing );word-spacing:var( --e-global-typography-a81b06f-word-spacing );}}@media(min-width:768px){.elementor-3 .elementor-element.elementor-element-6301ea4a{--content-width:1100px;}}@media(max-width:767px){.elementor-3 .elementor-element.elementor-element-6301ea4a{--padding-top:200px;--padding-bottom:50px;--padding-left:20px;--padding-right:20px;}.elementor-3 .elementor-element.elementor-element-1ff044c .elementor-heading-title{font-size:var( --e-global-typography-a81b06f-font-size );line-height:var( --e-global-typography-a81b06f-line-height );letter-spacing:var( --e-global-typography-a81b06f-letter-spacing );word-spacing:var( --e-global-typography-a81b06f-word-spacing );}}<\/style>\t\t<div data-elementor-type=\"wp-page\" data-elementor-id=\"3\" class=\"elementor elementor-3\" data-elementor-post-type=\"page\">\n\t\t\t\t<div class=\"elementor-element elementor-element-6301ea4a e-flex e-con-boxed e-con e-parent\" data-id=\"6301ea4a\" data-element_type=\"container\" data-e-type=\"container\">\n\t\t\t\t\t<div class=\"e-con-inner\">\n\t\t\t\t<div class=\"elementor-element elementor-element-1ff044c elementor-widget elementor-widget-heading\" data-id=\"1ff044c\" data-element_type=\"widget\" data-e-type=\"widget\" data-widget_type=\"heading.default\">\n\t\t\t\t<div class=\"elementor-widget-container\">\n\t\t\t\t\t<h1 class=\"elementor-heading-title elementor-size-default\">Integritetspolicy &amp; Cookie Policy<\/h1>\t\t\t\t<\/div>\n\t\t\t\t<\/div>\n\t\t\t\t<div class=\"elementor-element elementor-element-600919f elementor-widget elementor-widget-text-editor\" data-id=\"600919f\" data-element_type=\"widget\" data-e-type=\"widget\" data-widget_type=\"text-editor.default\">\n\t\t\t\t<div class=\"elementor-widget-container\">\n\t\t\t\t\t\t\t\t\t<p>Senast uppdaterad den 21 maj 2025<br>Ikrafttr\u00e4dande datum 21 maj 2025<\/p>\n<p>Denna integritetspolicy beskriver policyerna f\u00f6r om insamling, anv\u00e4ndning och utl\u00e4mnande av din information som vi samlar in n\u00e4r du anv\u00e4nder v\u00e5r webbplats (oxobeachhouse.com). Genom att komma \u00e5t eller anv\u00e4nda tj\u00e4nsten samtycker du till insamling, anv\u00e4ndning och avsl\u00f6jande av din information i enlighet med denna integritetspolicy. Om du inte samtycker till detsamma, v\u00e4nligen g\u00e5 inte in p\u00e5 eller anv\u00e4nd tj\u00e4nsten.<br>Vi kan \u00e4ndra denna integritetspolicy n\u00e4r som helst utan f\u00f6reg\u00e5ende meddelande till dig och kommer att publicera den reviderade integritetspolicyn p\u00e5 tj\u00e4nsten. Den reviderade policyn kommer att tr\u00e4da i kraft 180 dagar fr\u00e5n det att den reviderade policyn publicerats i tj\u00e4nsten och din fortsatta \u00e5tkomst eller anv\u00e4ndning av tj\u00e4nsten efter denna tid kommer att utg\u00f6ra ditt godk\u00e4nnande av den reviderade sekretesspolicyn. Vi rekommenderar d\u00e4rf\u00f6r att du regelbundet granskar denna sida.<\/p>\n<p><strong>Information vi samlar in:<\/strong><br>Vi kommer att samla in och behandla f\u00f6ljande personuppgifter om dig:<\/p>\n<ul class=\"wp-block-list\">\n<li>Namn<\/li>\n<li>E-post<\/li>\n<li>Mobil<\/li>\n<li>Address<\/li>\n<\/ul>\n<p><strong><br><\/strong><\/p><p><strong>HUR VI ANV\u00c4NDER DIN INFORMATION:<\/strong><br>Vi kommer att anv\u00e4nda informationen som vi samlar in om dig f\u00f6r f\u00f6ljande \u00e4ndam\u00e5l:<\/p>\n<p><strong>Hantera kundorder<\/strong><br>Om vi vill anv\u00e4nda din information f\u00f6r n\u00e5got annat \u00e4ndam\u00e5l kommer vi att be dig om samtycke och kommer att anv\u00e4nda din information endast n\u00e4r vi f\u00e5r ditt samtycke och d\u00e5 endast f\u00f6r det eller de \u00e4ndam\u00e5l f\u00f6r vilket vi ger samtycke om vi inte \u00e4r skyldiga att g\u00f6ra annat av lag.<\/p>\n<p><strong>HUR VI DELAR DIN INFORMATION:<\/strong><br>Vi kommer inte att \u00f6verf\u00f6ra din personliga information till n\u00e5gon tredje part utan att beg\u00e4ra ditt samtycke, f\u00f6rutom under begr\u00e4nsade omst\u00e4ndigheter som beskrivs nedan:<\/p>\n<ul class=\"wp-block-list\">\n<li>Analytics<\/li>\n<\/ul>\n<p>Vi kr\u00e4ver att s\u00e5dan tredje part anv\u00e4nder den personliga information som vi \u00f6verf\u00f6r till dem endast f\u00f6r det \u00e4ndam\u00e5l f\u00f6r vilket den \u00f6verf\u00f6rdes och inte beh\u00e5ller den l\u00e4ngre \u00e4n vad som kr\u00e4vs f\u00f6r att uppfylla n\u00e4mnda syfte.<\/p>\n<p>Vi kan ocks\u00e5 avsl\u00f6ja din personliga information f\u00f6r f\u00f6ljande: (1) f\u00f6r att f\u00f6lja till\u00e4mplig lag, f\u00f6rordning, domstolsbeslut eller annan r\u00e4ttslig process; (2) f\u00f6r att genomdriva dina avtal med oss, inklusive denna integritetspolicy; eller (3) f\u00f6r att svara p\u00e5 p\u00e5st\u00e5enden om att din anv\u00e4ndning av tj\u00e4nsten bryter mot tredje parts r\u00e4ttigheter. Om Tj\u00e4nsten eller v\u00e5rt f\u00f6retag sl\u00e5s samman eller f\u00f6rv\u00e4rvas med ett annat f\u00f6retag kommer dina uppgifter att vara en av tillg\u00e5ngarna som \u00f6verf\u00f6rs till den nya \u00e4garen.<\/p>\n<p><strong>LAGRING AV DIN INFORMATION:<\/strong><br>Vi kommer att beh\u00e5lla din personliga information hos oss i 90 dagar till 2 \u00e5r efter att anv\u00e4ndare avslutat sina konton eller s\u00e5 l\u00e4nge som vi beh\u00f6ver dem f\u00f6r att uppfylla de syften f\u00f6r vilka de samlades in enligt beskrivningen i denna sekretesspolicy. Vi kan beh\u00f6va beh\u00e5lla viss information under l\u00e4ngre perioder, s\u00e5som journalf\u00f6ring\/rapportering i enlighet med till\u00e4mplig lag eller av andra legitima sk\u00e4l, s\u00e5som uppr\u00e4tth\u00e5llande av juridiska r\u00e4ttigheter, bedr\u00e4geri f\u00f6rebyggande, etc. Resterande anonym information och aggregerad information, som inte identifierar dig. (direkt eller indirekt), kan lagras p\u00e5 obest\u00e4md tid.<\/p>\n<p><strong>DINA R\u00c4TTIGHETER:<\/strong><br>Beroende p\u00e5 vilken lag som g\u00e4ller kan du ha r\u00e4tt att f\u00e5 tillg\u00e5ng till och r\u00e4tta eller radera dina personuppgifter eller f\u00e5 en kopia av dina personuppgifter, begr\u00e4nsa eller inv\u00e4nda mot den aktiva behandlingen av dina uppgifter, be oss dela (portera) dina personuppgifter information till en annan enhet, dra tillbaka ditt samtycke som du gett oss f\u00f6r att behandla dina uppgifter, en r\u00e4tt att l\u00e4mna in ett klagom\u00e5l till en lagstadgad myndighet och s\u00e5dana andra r\u00e4ttigheter som kan vara relevanta enligt till\u00e4mplig lag. F\u00f6r att ut\u00f6va dessa r\u00e4ttigheter kan du skriva till oss p\u00e5 kontakt@oxobeachhouse.com. Vi kommer att svara p\u00e5 din beg\u00e4ran i enlighet med till\u00e4mplig lag.<\/p>\n<p>Observera att om du inte till\u00e5ter oss att samla in eller behandla den erforderliga personliga informationen eller dra tillbaka samtycket att behandla densamma f\u00f6r de erforderliga \u00e4ndam\u00e5len, kanske du inte kan komma \u00e5t eller anv\u00e4nda de tj\u00e4nster f\u00f6r vilka din information s\u00f6ktes.<\/p>\n<p><strong>COOKIES ETC.<\/strong><br>F\u00f6r att f\u00e5 mer information om hur vi anv\u00e4nder dessa och dina val i f\u00f6rh\u00e5llande till dessa sp\u00e5rningsteknologier, v\u00e4nligen kontakta oss p\u00e5 kontakt@oxobeachhouse.com.<\/p>\n<p><strong>S\u00c4KERHET:<\/strong><br>S\u00e4kerheten f\u00f6r din information \u00e4r viktig f\u00f6r oss och vi kommer att anv\u00e4nda rimliga s\u00e4kerhets\u00e5tg\u00e4rder f\u00f6r att f\u00f6rhindra f\u00f6rlust, missbruk eller obeh\u00f6rig \u00e4ndring av din information under v\u00e5r kontroll. Men med tanke p\u00e5 de inneboende riskerna kan vi inte garantera absolut s\u00e4kerhet och f\u00f6ljaktligen kan vi inte garantera eller garantera s\u00e4kerheten f\u00f6r n\u00e5gon information du \u00f6verf\u00f6r till oss och du g\u00f6r det p\u00e5 egen risk.<\/p>\n<p><\/p>\n<p><strong>KLAGOM\u00c5L\/DATASKYDDSM\u00c5L:<\/strong><br>Om du har n\u00e5gra fr\u00e5gor eller funderingar kring behandlingen av din information som \u00e4r tillg\u00e4nglig hos oss kan du maila e-post: kontakt@oxobeachhouse.com. Vi kommer att hantera dina problem i enlighet med till\u00e4mplig lag.<\/p>\t\t\t\t\t\t\t\t<\/div>\n\t\t\t\t<\/div>\n\t\t\t\t\t<\/div>\n\t\t\t\t<\/div>\n\t\t\t\t<\/div>","protected":false},"excerpt":{"rendered":"<p>Integritetspolicy &amp; Cookie Policy Senast uppdaterad den 21 maj 2025Ikrafttr\u00e4dande datum 21 maj 2025 Denna integritetspolicy beskriver policyerna f\u00f6r om insamling, anv\u00e4ndning och utl\u00e4mnande av din information som vi samlar in n\u00e4r du anv\u00e4nder v\u00e5r webbplats (oxobeachhouse.com). Genom att komma \u00e5t eller anv\u00e4nda tj\u00e4nsten samtycker du till insamling, anv\u00e4ndning och avsl\u00f6jande av din information i [&hellip;]<\/p>\n","protected":false},"author":1,"featured_media":0,"parent":0,"menu_order":0,"comment_status":"closed","ping_status":"closed","template":"elementor_header_footer","meta":{"inline_featured_image":false,"footnotes":""},"class_list":["post-3","page","type-page","status-publish","hentry"],"yoast_head":"<!-- This site is optimized with the Yoast SEO plugin v27.3 - https:\/\/yoast.com\/product\/yoast-seo-wordpress\/ -->\n<title>Privacy Policy - OXO Beach House<\/title>\n<meta name=\"robots\" content=\"index, follow, max-snippet:-1, max-image-preview:large, max-video-preview:-1\" \/>\n<link rel=\"canonical\" href=\"https:\/\/www.oxobeachhouse.com\/en\/integritetspolicy-cookie-policy\/\" \/>\n<meta property=\"og:locale\" content=\"en_GB\" \/>\n<meta property=\"og:type\" content=\"article\" \/>\n<meta property=\"og:title\" content=\"Privacy Policy - OXO Beach House\" \/>\n<meta property=\"og:description\" content=\"Integritetspolicy &amp; Cookie Policy Senast uppdaterad den 21 maj 2025Ikrafttr\u00e4dande datum 21 maj 2025 Denna integritetspolicy beskriver policyerna f\u00f6r om insamling, anv\u00e4ndning och utl\u00e4mnande av din information som vi samlar in n\u00e4r du anv\u00e4nder v\u00e5r webbplats (oxobeachhouse.com). Genom att komma \u00e5t eller anv\u00e4nda tj\u00e4nsten samtycker du till insamling, anv\u00e4ndning och avsl\u00f6jande av din information i [&hellip;]\" \/>\n<meta property=\"og:url\" content=\"https:\/\/www.oxobeachhouse.com\/en\/integritetspolicy-cookie-policy\/\" \/>\n<meta property=\"og:site_name\" content=\"OXO Beach House\" \/>\n<meta property=\"article:publisher\" content=\"https:\/\/www.facebook.com\/profile.php?id=61576620539925\" \/>\n<meta property=\"article:modified_time\" content=\"2025-06-05T14:31:32+00:00\" \/>\n<meta property=\"og:image\" content=\"https:\/\/www.oxobeachhouse.com\/wp-content\/uploads\/2025\/05\/white-version--scaled.png\" \/>\n\t<meta property=\"og:image:width\" content=\"2560\" \/>\n\t<meta property=\"og:image:height\" content=\"1227\" \/>\n\t<meta property=\"og:image:type\" content=\"image\/png\" \/>\n<meta name=\"twitter:card\" content=\"summary_large_image\" \/>\n<meta name=\"twitter:label1\" content=\"Estimated reading time\" \/>\n\t<meta name=\"twitter:data1\" content=\"5 minutes\" \/>\n<script type=\"application\/ld+json\" class=\"yoast-schema-graph\">{\"@context\":\"https:\\\/\\\/schema.org\",\"@graph\":[{\"@type\":\"WebPage\",\"@id\":\"https:\\\/\\\/www.oxobeachhouse.com\\\/integritetspolicy-cookie-policy\\\/\",\"url\":\"https:\\\/\\\/www.oxobeachhouse.com\\\/integritetspolicy-cookie-policy\\\/\",\"name\":\"Privacy Policy - OXO Beach House\",\"isPartOf\":{\"@id\":\"https:\\\/\\\/www.oxobeachhouse.com\\\/#website\"},\"datePublished\":\"2025-05-05T14:58:04+00:00\",\"dateModified\":\"2025-06-05T14:31:32+00:00\",\"breadcrumb\":{\"@id\":\"https:\\\/\\\/www.oxobeachhouse.com\\\/integritetspolicy-cookie-policy\\\/#breadcrumb\"},\"inLanguage\":\"en-GB\",\"potentialAction\":[{\"@type\":\"ReadAction\",\"target\":[\"https:\\\/\\\/www.oxobeachhouse.com\\\/integritetspolicy-cookie-policy\\\/\"]}]},{\"@type\":\"BreadcrumbList\",\"@id\":\"https:\\\/\\\/www.oxobeachhouse.com\\\/integritetspolicy-cookie-policy\\\/#breadcrumb\",\"itemListElement\":[{\"@type\":\"ListItem\",\"position\":1,\"name\":\"Hem\",\"item\":\"https:\\\/\\\/www.oxobeachhouse.com\\\/\"},{\"@type\":\"ListItem\",\"position\":2,\"name\":\"Privacy Policy\"}]},{\"@type\":\"WebSite\",\"@id\":\"https:\\\/\\\/www.oxobeachhouse.com\\\/#website\",\"url\":\"https:\\\/\\\/www.oxobeachhouse.com\\\/\",\"name\":\"OXO Beach House\",\"description\":\"\",\"publisher\":{\"@id\":\"https:\\\/\\\/www.oxobeachhouse.com\\\/#organization\"},\"potentialAction\":[{\"@type\":\"SearchAction\",\"target\":{\"@type\":\"EntryPoint\",\"urlTemplate\":\"https:\\\/\\\/www.oxobeachhouse.com\\\/?s={search_term_string}\"},\"query-input\":{\"@type\":\"PropertyValueSpecification\",\"valueRequired\":true,\"valueName\":\"search_term_string\"}}],\"inLanguage\":\"en-GB\"},{\"@type\":\"Organization\",\"@id\":\"https:\\\/\\\/www.oxobeachhouse.com\\\/#organization\",\"name\":\"OXO Beach House\",\"url\":\"https:\\\/\\\/www.oxobeachhouse.com\\\/\",\"logo\":{\"@type\":\"ImageObject\",\"inLanguage\":\"en-GB\",\"@id\":\"https:\\\/\\\/www.oxobeachhouse.com\\\/#\\\/schema\\\/logo\\\/image\\\/\",\"url\":\"https:\\\/\\\/www.oxobeachhouse.com\\\/wp-content\\\/uploads\\\/2025\\\/05\\\/cropped-black-version-scaled-1.png\",\"contentUrl\":\"https:\\\/\\\/www.oxobeachhouse.com\\\/wp-content\\\/uploads\\\/2025\\\/05\\\/cropped-black-version-scaled-1.png\",\"width\":512,\"height\":512,\"caption\":\"OXO Beach House\"},\"image\":{\"@id\":\"https:\\\/\\\/www.oxobeachhouse.com\\\/#\\\/schema\\\/logo\\\/image\\\/\"},\"sameAs\":[\"https:\\\/\\\/www.facebook.com\\\/profile.php?id=61576620539925\",\"https:\\\/\\\/www.instagram.com\\\/oxobeachhouse\\\/\"]}]}<\/script>\n<!-- \/ Yoast SEO plugin. -->","yoast_head_json":{"title":"Privacy Policy - OXO Beach House","robots":{"index":"index","follow":"follow","max-snippet":"max-snippet:-1","max-image-preview":"max-image-preview:large","max-video-preview":"max-video-preview:-1"},"canonical":"https:\/\/www.oxobeachhouse.com\/en\/integritetspolicy-cookie-policy\/","og_locale":"en_GB","og_type":"article","og_title":"Privacy Policy - OXO Beach House","og_description":"Integritetspolicy &amp; Cookie Policy Senast uppdaterad den 21 maj 2025Ikrafttr\u00e4dande datum 21 maj 2025 Denna integritetspolicy beskriver policyerna f\u00f6r om insamling, anv\u00e4ndning och utl\u00e4mnande av din information som vi samlar in n\u00e4r du anv\u00e4nder v\u00e5r webbplats (oxobeachhouse.com). Genom att komma \u00e5t eller anv\u00e4nda tj\u00e4nsten samtycker du till insamling, anv\u00e4ndning och avsl\u00f6jande av din information i [&hellip;]","og_url":"https:\/\/www.oxobeachhouse.com\/en\/integritetspolicy-cookie-policy\/","og_site_name":"OXO Beach House","article_publisher":"https:\/\/www.facebook.com\/profile.php?id=61576620539925","article_modified_time":"2025-06-05T14:31:32+00:00","og_image":[{"width":2560,"height":1227,"url":"https:\/\/www.oxobeachhouse.com\/wp-content\/uploads\/2025\/05\/white-version--scaled.png","type":"image\/png"}],"twitter_card":"summary_large_image","twitter_misc":{"Estimated reading time":"5 minutes"},"schema":{"@context":"https:\/\/schema.org","@graph":[{"@type":"WebPage","@id":"https:\/\/www.oxobeachhouse.com\/integritetspolicy-cookie-policy\/","url":"https:\/\/www.oxobeachhouse.com\/integritetspolicy-cookie-policy\/","name":"Privacy Policy - OXO Beach House","isPartOf":{"@id":"https:\/\/www.oxobeachhouse.com\/#website"},"datePublished":"2025-05-05T14:58:04+00:00","dateModified":"2025-06-05T14:31:32+00:00","breadcrumb":{"@id":"https:\/\/www.oxobeachhouse.com\/integritetspolicy-cookie-policy\/#breadcrumb"},"inLanguage":"en-GB","potentialAction":[{"@type":"ReadAction","target":["https:\/\/www.oxobeachhouse.com\/integritetspolicy-cookie-policy\/"]}]},{"@type":"BreadcrumbList","@id":"https:\/\/www.oxobeachhouse.com\/integritetspolicy-cookie-policy\/#breadcrumb","itemListElement":[{"@type":"ListItem","position":1,"name":"Hem","item":"https:\/\/www.oxobeachhouse.com\/"},{"@type":"ListItem","position":2,"name":"Privacy Policy"}]},{"@type":"WebSite","@id":"https:\/\/www.oxobeachhouse.com\/#website","url":"https:\/\/www.oxobeachhouse.com\/","name":"OXO BEACH HOUSE","description":"","publisher":{"@id":"https:\/\/www.oxobeachhouse.com\/#organization"},"potentialAction":[{"@type":"SearchAction","target":{"@type":"EntryPoint","urlTemplate":"https:\/\/www.oxobeachhouse.com\/?s={search_term_string}"},"query-input":{"@type":"PropertyValueSpecification","valueRequired":true,"valueName":"search_term_string"}}],"inLanguage":"en-GB"},{"@type":"Organization","@id":"https:\/\/www.oxobeachhouse.com\/#organization","name":"OXO BEACH HOUSE","url":"https:\/\/www.oxobeachhouse.com\/","logo":{"@type":"ImageObject","inLanguage":"en-GB","@id":"https:\/\/www.oxobeachhouse.com\/#\/schema\/logo\/image\/","url":"https:\/\/www.oxobeachhouse.com\/wp-content\/uploads\/2025\/05\/cropped-black-version-scaled-1.png","contentUrl":"https:\/\/www.oxobeachhouse.com\/wp-content\/uploads\/2025\/05\/cropped-black-version-scaled-1.png","width":512,"height":512,"caption":"OXO Beach House"},"image":{"@id":"https:\/\/www.oxobeachhouse.com\/#\/schema\/logo\/image\/"},"sameAs":["https:\/\/www.facebook.com\/profile.php?id=61576620539925","https:\/\/www.instagram.com\/oxobeachhouse\/"]}]}},"_links":{"self":[{"href":"https:\/\/www.oxobeachhouse.com\/en\/wp-json\/wp\/v2\/pages\/3","targetHints":{"allow":["GET"]}}],"collection":[{"href":"https:\/\/www.oxobeachhouse.com\/en\/wp-json\/wp\/v2\/pages"}],"about":[{"href":"https:\/\/www.oxobeachhouse.com\/en\/wp-json\/wp\/v2\/types\/page"}],"author":[{"embeddable":true,"href":"https:\/\/www.oxobeachhouse.com\/en\/wp-json\/wp\/v2\/users\/1"}],"replies":[{"embeddable":true,"href":"https:\/\/www.oxobeachhouse.com\/en\/wp-json\/wp\/v2\/comments?post=3"}],"version-history":[{"count":0,"href":"https:\/\/www.oxobeachhouse.com\/en\/wp-json\/wp\/v2\/pages\/3\/revisions"}],"wp:attachment":[{"href":"https:\/\/www.oxobeachhouse.com\/en\/wp-json\/wp\/v2\/media?parent=3"}],"curies":[{"name":"wp","href":"https:\/\/api.w.org\/{rel}","templated":true}]}}