{"id":1082,"date":"2025-07-16T13:00:13","date_gmt":"2025-07-16T13:00:13","guid":{"rendered":"https:\/\/www.oxobeachhouse.com\/?page_id=1082"},"modified":"2026-03-17T11:23:09","modified_gmt":"2026-03-17T11:23:09","slug":"kontakta-oss","status":"publish","type":"page","link":"https:\/\/www.oxobeachhouse.com\/en\/kontakta-oss\/","title":{"rendered":"Contact us"},"content":{"rendered":"<div data-elementor-type=\"wp-page\" data-elementor-id=\"1082\" class=\"elementor elementor-1082\" data-elementor-post-type=\"page\">\n\t\t\t\t<div class=\"elementor-element elementor-element-3de56237 e-flex e-con-boxed e-con e-parent\" data-id=\"3de56237\" data-element_type=\"container\" data-e-type=\"container\" data-settings=\"{&quot;background_background&quot;:&quot;classic&quot;}\">\n\t\t\t\t\t<div class=\"e-con-inner\">\n\t\t\t\t<div class=\"elementor-element elementor-element-4df134d6 elementor-invisible elementor-widget elementor-widget-heading\" data-id=\"4df134d6\" data-element_type=\"widget\" data-e-type=\"widget\" data-settings=\"{&quot;_animation&quot;:&quot;fadeIn&quot;}\" data-widget_type=\"heading.default\">\n\t\t\t\t<div class=\"elementor-widget-container\">\n\t\t\t\t\t<h2 class=\"elementor-heading-title elementor-size-default\">Contact us<\/h2>\t\t\t\t<\/div>\n\t\t\t\t<\/div>\n\t\t\t\t\t<\/div>\n\t\t\t\t<\/div>\n\t\t<div class=\"elementor-element elementor-element-6874f28 e-flex e-con-boxed e-con e-parent\" data-id=\"6874f28\" data-element_type=\"container\" data-e-type=\"container\">\n\t\t\t\t\t<div class=\"e-con-inner\">\n\t\t<div class=\"elementor-element elementor-element-492bbdb8 e-con-full e-flex e-con e-child\" data-id=\"492bbdb8\" data-element_type=\"container\" data-e-type=\"container\">\n\t\t<div class=\"elementor-element elementor-element-2e1179a e-con-full e-flex e-con e-child\" data-id=\"2e1179a\" data-element_type=\"container\" data-e-type=\"container\">\n\t\t\t\t<div class=\"elementor-element elementor-element-611f072 elementor-widget elementor-widget-text-editor\" data-id=\"611f072\" data-element_type=\"widget\" data-e-type=\"widget\" data-widget_type=\"text-editor.default\">\n\t\t\t\t<div class=\"elementor-widget-container\">\n\t\t\t\t\t\t\t\t\t<div class=\"elementor-element elementor-element-af03293 elementor-widget elementor-widget-text-editor\" data-id=\"af03293\" data-element_type=\"widget\" data-widget_type=\"text-editor.default\"><div class=\"elementor-widget-container\"><div class=\"v1elementToProof\">To help us assist you in the best possible way, please use the correct email address depending on your inquiry:<\/div><\/div><\/div>\t\t\t\t\t\t\t\t<\/div>\n\t\t\t\t<\/div>\n\t\t\t\t<div class=\"elementor-element elementor-element-23f3571 elementor-widget-divider--view-line elementor-widget elementor-widget-divider\" data-id=\"23f3571\" data-element_type=\"widget\" data-e-type=\"widget\" data-widget_type=\"divider.default\">\n\t\t\t\t<div class=\"elementor-widget-container\">\n\t\t\t\t\t\t\t<div class=\"elementor-divider\">\n\t\t\t<span class=\"elementor-divider-separator\">\n\t\t\t\t\t\t<\/span>\n\t\t<\/div>\n\t\t\t\t\t\t<\/div>\n\t\t\t\t<\/div>\n\t\t\t\t<div class=\"elementor-element elementor-element-465bf8d elementor-widget elementor-widget-heading\" data-id=\"465bf8d\" data-element_type=\"widget\" data-e-type=\"widget\" data-widget_type=\"heading.default\">\n\t\t\t\t<div class=\"elementor-widget-container\">\n\t\t\t\t\t<h2 class=\"elementor-heading-title elementor-size-default\">Bookings<\/h2>\t\t\t\t<\/div>\n\t\t\t\t<\/div>\n\t\t\t\t<div class=\"elementor-element elementor-element-05f99e1 elementor-widget elementor-widget-text-editor\" data-id=\"05f99e1\" data-element_type=\"widget\" data-e-type=\"widget\" data-widget_type=\"text-editor.default\">\n\t\t\t\t<div class=\"elementor-widget-container\">\n\t\t\t\t\t\t\t\t\t<div class=\"elementor-element elementor-element-af03293 elementor-widget elementor-widget-text-editor\" data-id=\"af03293\" data-element_type=\"widget\" data-widget_type=\"text-editor.default\"><div class=\"elementor-widget-container\">For table reservations, Christmas dinner, or events:<\/div><\/div><div class=\"elementor-element elementor-element-b038667 elementor-widget elementor-widget-text-editor\" data-id=\"b038667\" data-element_type=\"widget\" data-widget_type=\"text-editor.default\"><div class=\"elementor-widget-container\"><div class=\"v1elementToProof\"><a href=\"mailto:bokning@oxobeachhouse.com\"><b>bokning@oxobeachhouse.com<\/b><\/a><b><\/b><\/div><\/div><\/div>\t\t\t\t\t\t\t\t<\/div>\n\t\t\t\t<\/div>\n\t\t\t\t<div class=\"elementor-element elementor-element-e0ba278 elementor-widget elementor-widget-heading\" data-id=\"e0ba278\" data-element_type=\"widget\" data-e-type=\"widget\" data-widget_type=\"heading.default\">\n\t\t\t\t<div class=\"elementor-widget-container\">\n\t\t\t\t\t<h2 class=\"elementor-heading-title elementor-size-default\">INVOICE QUESTIONS <br>&amp; OTHER WORK-RELATED MATTERS<\/h2>\t\t\t\t<\/div>\n\t\t\t\t<\/div>\n\t\t\t\t<div class=\"elementor-element elementor-element-2e86b44 elementor-widget elementor-widget-text-editor\" data-id=\"2e86b44\" data-element_type=\"widget\" data-e-type=\"widget\" data-widget_type=\"text-editor.default\">\n\t\t\t\t<div class=\"elementor-widget-container\">\n\t\t\t\t\t\t\t\t\t<div class=\"v1elementToProof\">For invoices, collaborations, supplier contact, or HR matters:<\/div><div class=\"v1elementToProof\"><a href=\"mailto:kontakt@oxobeachhouse.com\"><b>kontakt@oxobeachhouse.com<\/b><\/a><\/div>\t\t\t\t\t\t\t\t<\/div>\n\t\t\t\t<\/div>\n\t\t\t\t<div class=\"elementor-element elementor-element-555e91d elementor-widget-divider--view-line elementor-widget elementor-widget-divider\" data-id=\"555e91d\" data-element_type=\"widget\" data-e-type=\"widget\" data-widget_type=\"divider.default\">\n\t\t\t\t<div class=\"elementor-widget-container\">\n\t\t\t\t\t\t\t<div class=\"elementor-divider\">\n\t\t\t<span class=\"elementor-divider-separator\">\n\t\t\t\t\t\t<\/span>\n\t\t<\/div>\n\t\t\t\t\t\t<\/div>\n\t\t\t\t<\/div>\n\t\t<div class=\"elementor-element elementor-element-20d9345 e-con-full e-flex e-con e-child\" data-id=\"20d9345\" data-element_type=\"container\" data-e-type=\"container\">\n\t\t<div class=\"elementor-element elementor-element-ff836f6 e-con-full e-flex e-con e-child\" data-id=\"ff836f6\" data-element_type=\"container\" data-e-type=\"container\">\n\t\t\t\t<div class=\"elementor-element elementor-element-8069959 elementor-widget elementor-widget-heading\" data-id=\"8069959\" data-element_type=\"widget\" data-e-type=\"widget\" data-widget_type=\"heading.default\">\n\t\t\t\t<div class=\"elementor-widget-container\">\n\t\t\t\t\t<h2 class=\"elementor-heading-title elementor-size-default\">Phone<\/h2>\t\t\t\t<\/div>\n\t\t\t\t<\/div>\n\t\t\t\t<div class=\"elementor-element elementor-element-0832657 elementor-icon-list--layout-traditional elementor-list-item-link-full_width elementor-invisible elementor-widget elementor-widget-icon-list\" data-id=\"0832657\" data-element_type=\"widget\" data-e-type=\"widget\" data-settings=\"{&quot;_animation&quot;:&quot;fadeIn&quot;,&quot;_animation_delay&quot;:600}\" data-widget_type=\"icon-list.default\">\n\t\t\t\t<div class=\"elementor-widget-container\">\n\t\t\t\t\t\t\t<ul class=\"elementor-icon-list-items\">\n\t\t\t\t\t\t\t<li class=\"elementor-icon-list-item\">\n\t\t\t\t\t\t\t\t\t\t\t<a href=\"tel:0363320550\">\n\n\t\t\t\t\t\t\t\t\t\t\t<span class=\"elementor-icon-list-text\">036 332 05 50<\/span>\n\t\t\t\t\t\t\t\t\t\t\t<\/a>\n\t\t\t\t\t\t\t\t\t<\/li>\n\t\t\t\t\t\t<\/ul>\n\t\t\t\t\t\t<\/div>\n\t\t\t\t<\/div>\n\t\t\t\t<\/div>\n\t\t<div class=\"elementor-element elementor-element-4c4a6c4 e-con-full e-flex e-con e-child\" data-id=\"4c4a6c4\" data-element_type=\"container\" data-e-type=\"container\">\n\t\t\t\t<div class=\"elementor-element elementor-element-19eacd4 elementor-widget elementor-widget-heading\" data-id=\"19eacd4\" data-element_type=\"widget\" data-e-type=\"widget\" data-widget_type=\"heading.default\">\n\t\t\t\t<div class=\"elementor-widget-container\">\n\t\t\t\t\t<h2 class=\"elementor-heading-title elementor-size-default\">Address<\/h2>\t\t\t\t<\/div>\n\t\t\t\t<\/div>\n\t\t\t\t<div class=\"elementor-element elementor-element-6d664cb elementor-icon-list--layout-traditional elementor-list-item-link-full_width elementor-invisible elementor-widget elementor-widget-icon-list\" data-id=\"6d664cb\" data-element_type=\"widget\" data-e-type=\"widget\" data-settings=\"{&quot;_animation&quot;:&quot;fadeIn&quot;,&quot;_animation_delay&quot;:500}\" data-widget_type=\"icon-list.default\">\n\t\t\t\t<div class=\"elementor-widget-container\">\n\t\t\t\t\t\t\t<ul class=\"elementor-icon-list-items\">\n\t\t\t\t\t\t\t<li class=\"elementor-icon-list-item\">\n\t\t\t\t\t\t\t\t\t\t<span class=\"elementor-icon-list-text\">\u00d6stra storgatan 173, J\u00f6nk\u00f6ping<\/span>\n\t\t\t\t\t\t\t\t\t<\/li>\n\t\t\t\t\t\t<\/ul>\n\t\t\t\t\t\t<\/div>\n\t\t\t\t<\/div>\n\t\t\t\t<\/div>\n\t\t\t\t<\/div>\n\t\t\t\t<\/div>\n\t\t<div class=\"elementor-element elementor-element-544ec363 e-con-full elementor-hidden-mobile e-flex elementor-invisible e-con e-child\" data-id=\"544ec363\" data-element_type=\"container\" data-e-type=\"container\" data-settings=\"{&quot;animation&quot;:&quot;fadeIn&quot;,&quot;animation_delay&quot;:400}\">\n\t\t\t\t<div class=\"elementor-element elementor-element-f195795 elementor-widget elementor-widget-image\" data-id=\"f195795\" data-element_type=\"widget\" data-e-type=\"widget\" data-widget_type=\"image.default\">\n\t\t\t\t<div class=\"elementor-widget-container\">\n\t\t\t\t\t\t\t\t\t\t\t\t\t\t\t<img fetchpriority=\"high\" decoding=\"async\" width=\"1710\" height=\"2560\" src=\"https:\/\/www.oxobeachhouse.com\/wp-content\/uploads\/2025\/06\/OXO-2Juni-12-1-scaled.jpg\" class=\"attachment-full size-full wp-image-787\" alt=\"\" srcset=\"https:\/\/www.oxobeachhouse.com\/wp-content\/uploads\/2025\/06\/OXO-2Juni-12-1-scaled.jpg 1710w, https:\/\/www.oxobeachhouse.com\/wp-content\/uploads\/2025\/06\/OXO-2Juni-12-1-200x300.jpg 200w, https:\/\/www.oxobeachhouse.com\/wp-content\/uploads\/2025\/06\/OXO-2Juni-12-1-684x1024.jpg 684w, https:\/\/www.oxobeachhouse.com\/wp-content\/uploads\/2025\/06\/OXO-2Juni-12-1-768x1150.jpg 768w, https:\/\/www.oxobeachhouse.com\/wp-content\/uploads\/2025\/06\/OXO-2Juni-12-1-1026x1536.jpg 1026w, https:\/\/www.oxobeachhouse.com\/wp-content\/uploads\/2025\/06\/OXO-2Juni-12-1-1368x2048.jpg 1368w, https:\/\/www.oxobeachhouse.com\/wp-content\/uploads\/2025\/06\/OXO-2Juni-12-1-8x12.jpg 8w\" sizes=\"(max-width: 1710px) 100vw, 1710px\" \/>\t\t\t\t\t\t\t\t\t\t\t\t\t\t\t<\/div>\n\t\t\t\t<\/div>\n\t\t\t\t<\/div>\n\t\t\t\t<\/div>\n\t\t\t\t\t<\/div>\n\t\t\t\t<\/div>\n\t\t<div class=\"elementor-element elementor-element-2c6fd7dd e-flex e-con-boxed e-con e-parent\" data-id=\"2c6fd7dd\" data-element_type=\"container\" data-e-type=\"container\">\n\t\t\t\t\t<div class=\"e-con-inner\">\n\t\t\t\t<div class=\"elementor-element elementor-element-4cb3f9ba animated-slow elementor-invisible elementor-widget elementor-widget-google_maps\" data-id=\"4cb3f9ba\" data-element_type=\"widget\" data-e-type=\"widget\" data-settings=\"{&quot;_animation&quot;:&quot;fadeIn&quot;}\" data-widget_type=\"google_maps.default\">\n\t\t\t\t<div class=\"elementor-widget-container\">\n\t\t\t\t\t\t\t<div class=\"elementor-custom-embed\">\n\t\t\t<iframe\n\t\t\t\t\tdata-src=\"https:\/\/maps.google.com\/maps?q=%C3%96stra%20storgatan%20173%2C%20J%C3%B6nk%C3%B6ping&#038;t=m&#038;z=14&#038;output=embed&#038;iwloc=near\"\n\t\t\t\t\ttitle=\"\u00d6stra storgatan 173, J\u00f6nk\u00f6ping\"\n\t\t\t\t\taria-label=\"\u00d6stra storgatan 173, J\u00f6nk\u00f6ping\"\n\t\t\t src=\"data:image\/svg+xml;base64,PHN2ZyB3aWR0aD0iMSIgaGVpZ2h0PSIxIiB4bWxucz0iaHR0cDovL3d3dy53My5vcmcvMjAwMC9zdmciPjwvc3ZnPg==\" class=\"lazyload\" data-load-mode=\"1\"><\/iframe>\n\t\t<\/div>\n\t\t\t\t\t\t<\/div>\n\t\t\t\t<\/div>\n\t\t\t\t\t<\/div>\n\t\t\t\t<\/div>\n\t\t\t\t<\/div>","protected":false},"excerpt":{"rendered":"<p>Kontakta oss F\u00f6r att vi ska kunna hj\u00e4lpa dig p\u00e5 b\u00e4sta s\u00e4tt, v\u00e4nligen anv\u00e4nd r\u00e4tt mejladress beroende p\u00e5 \u00e4rende: Bokningar F\u00f6r bokning av bord, julbord eller event:bokning@oxobeachhouse.com FAKTURAFR\u00c5GOR &amp; \u00d6VRIGA JOBBRELATERADE \u00c4RENDEN F\u00f6r fakturor, samarbeten, leverant\u00f6rskontakt eller personalfr\u00e5gor:kontakt@oxobeachhouse.com Telefon 036 332 05 50 Adress \u00d6stra storgatan 173, J\u00f6nk\u00f6ping<\/p>","protected":false},"author":1,"featured_media":0,"parent":0,"menu_order":0,"comment_status":"closed","ping_status":"closed","template":"elementor_header_footer","meta":{"inline_featured_image":false,"footnotes":""},"class_list":["post-1082","page","type-page","status-publish","hentry"],"yoast_head":"<!-- This site is optimized with the Yoast SEO plugin v27.4 - https:\/\/yoast.com\/product\/yoast-seo-wordpress\/ -->\n<title>Kontakta oss - OXO Beach House<\/title>\n<meta name=\"robots\" content=\"index, follow, max-snippet:-1, max-image-preview:large, max-video-preview:-1\" \/>\n<link rel=\"canonical\" href=\"https:\/\/www.oxobeachhouse.com\/en\/kontakta-oss\/\" \/>\n<meta property=\"og:locale\" content=\"en_GB\" \/>\n<meta property=\"og:type\" content=\"article\" \/>\n<meta property=\"og:title\" content=\"Kontakta oss - OXO Beach House\" \/>\n<meta property=\"og:description\" content=\"Kontakta oss F\u00f6r att vi ska kunna hj\u00e4lpa dig p\u00e5 b\u00e4sta s\u00e4tt, v\u00e4nligen anv\u00e4nd r\u00e4tt mejladress beroende p\u00e5 \u00e4rende: Bokningar F\u00f6r bokning av bord, julbord eller event:bokning@oxobeachhouse.com FAKTURAFR\u00c5GOR &amp; \u00d6VRIGA JOBBRELATERADE \u00c4RENDEN F\u00f6r fakturor, samarbeten, leverant\u00f6rskontakt eller personalfr\u00e5gor:kontakt@oxobeachhouse.com Telefon 036 332 05 50 Adress \u00d6stra storgatan 173, J\u00f6nk\u00f6ping\" \/>\n<meta property=\"og:url\" content=\"https:\/\/www.oxobeachhouse.com\/en\/kontakta-oss\/\" \/>\n<meta property=\"og:site_name\" content=\"OXO Beach House\" \/>\n<meta property=\"article:publisher\" content=\"https:\/\/www.facebook.com\/profile.php?id=61576620539925\" \/>\n<meta property=\"article:modified_time\" content=\"2026-03-17T11:23:09+00:00\" \/>\n<meta property=\"og:image\" content=\"https:\/\/www.oxobeachhouse.com\/wp-content\/uploads\/2025\/06\/OXO-2Juni-12-1-scaled.jpg\" \/>\n\t<meta property=\"og:image:width\" content=\"1710\" \/>\n\t<meta property=\"og:image:height\" content=\"2560\" \/>\n\t<meta property=\"og:image:type\" content=\"image\/jpeg\" \/>\n<meta name=\"twitter:card\" content=\"summary_large_image\" \/>\n<meta name=\"twitter:label1\" content=\"Estimated reading time\" \/>\n\t<meta name=\"twitter:data1\" content=\"1 minute\" \/>\n<script type=\"application\/ld+json\" class=\"yoast-schema-graph\">{\"@context\":\"https:\\\/\\\/schema.org\",\"@graph\":[{\"@type\":\"WebPage\",\"@id\":\"https:\\\/\\\/www.oxobeachhouse.com\\\/kontakta-oss\\\/\",\"url\":\"https:\\\/\\\/www.oxobeachhouse.com\\\/kontakta-oss\\\/\",\"name\":\"Kontakta oss - OXO Beach House\",\"isPartOf\":{\"@id\":\"https:\\\/\\\/www.oxobeachhouse.com\\\/#website\"},\"primaryImageOfPage\":{\"@id\":\"https:\\\/\\\/www.oxobeachhouse.com\\\/kontakta-oss\\\/#primaryimage\"},\"image\":{\"@id\":\"https:\\\/\\\/www.oxobeachhouse.com\\\/kontakta-oss\\\/#primaryimage\"},\"thumbnailUrl\":\"https:\\\/\\\/www.oxobeachhouse.com\\\/wp-content\\\/uploads\\\/2025\\\/06\\\/OXO-2Juni-12-1-scaled.jpg\",\"datePublished\":\"2025-07-16T13:00:13+00:00\",\"dateModified\":\"2026-03-17T11:23:09+00:00\",\"breadcrumb\":{\"@id\":\"https:\\\/\\\/www.oxobeachhouse.com\\\/kontakta-oss\\\/#breadcrumb\"},\"inLanguage\":\"en-GB\",\"potentialAction\":[{\"@type\":\"ReadAction\",\"target\":[\"https:\\\/\\\/www.oxobeachhouse.com\\\/kontakta-oss\\\/\"]}]},{\"@type\":\"ImageObject\",\"inLanguage\":\"en-GB\",\"@id\":\"https:\\\/\\\/www.oxobeachhouse.com\\\/kontakta-oss\\\/#primaryimage\",\"url\":\"https:\\\/\\\/www.oxobeachhouse.com\\\/wp-content\\\/uploads\\\/2025\\\/06\\\/OXO-2Juni-12-1-scaled.jpg\",\"contentUrl\":\"https:\\\/\\\/www.oxobeachhouse.com\\\/wp-content\\\/uploads\\\/2025\\\/06\\\/OXO-2Juni-12-1-scaled.jpg\"},{\"@type\":\"BreadcrumbList\",\"@id\":\"https:\\\/\\\/www.oxobeachhouse.com\\\/kontakta-oss\\\/#breadcrumb\",\"itemListElement\":[{\"@type\":\"ListItem\",\"position\":1,\"name\":\"Hem\",\"item\":\"https:\\\/\\\/www.oxobeachhouse.com\\\/\"},{\"@type\":\"ListItem\",\"position\":2,\"name\":\"Kontakta oss\"}]},{\"@type\":\"WebSite\",\"@id\":\"https:\\\/\\\/www.oxobeachhouse.com\\\/#website\",\"url\":\"https:\\\/\\\/www.oxobeachhouse.com\\\/\",\"name\":\"OXO Beach House\",\"description\":\"\",\"publisher\":{\"@id\":\"https:\\\/\\\/www.oxobeachhouse.com\\\/#organization\"},\"potentialAction\":[{\"@type\":\"SearchAction\",\"target\":{\"@type\":\"EntryPoint\",\"urlTemplate\":\"https:\\\/\\\/www.oxobeachhouse.com\\\/?s={search_term_string}\"},\"query-input\":{\"@type\":\"PropertyValueSpecification\",\"valueRequired\":true,\"valueName\":\"search_term_string\"}}],\"inLanguage\":\"en-GB\"},{\"@type\":\"Organization\",\"@id\":\"https:\\\/\\\/www.oxobeachhouse.com\\\/#organization\",\"name\":\"OXO Beach House\",\"url\":\"https:\\\/\\\/www.oxobeachhouse.com\\\/\",\"logo\":{\"@type\":\"ImageObject\",\"inLanguage\":\"en-GB\",\"@id\":\"https:\\\/\\\/www.oxobeachhouse.com\\\/#\\\/schema\\\/logo\\\/image\\\/\",\"url\":\"https:\\\/\\\/www.oxobeachhouse.com\\\/wp-content\\\/uploads\\\/2025\\\/05\\\/cropped-black-version-scaled-1.png\",\"contentUrl\":\"https:\\\/\\\/www.oxobeachhouse.com\\\/wp-content\\\/uploads\\\/2025\\\/05\\\/cropped-black-version-scaled-1.png\",\"width\":512,\"height\":512,\"caption\":\"OXO Beach House\"},\"image\":{\"@id\":\"https:\\\/\\\/www.oxobeachhouse.com\\\/#\\\/schema\\\/logo\\\/image\\\/\"},\"sameAs\":[\"https:\\\/\\\/www.facebook.com\\\/profile.php?id=61576620539925\",\"https:\\\/\\\/www.instagram.com\\\/oxobeachhouse\\\/\"]}]}<\/script>\n<!-- \/ Yoast SEO plugin. -->","yoast_head_json":{"title":"Kontakta oss - OXO Beach House","robots":{"index":"index","follow":"follow","max-snippet":"max-snippet:-1","max-image-preview":"max-image-preview:large","max-video-preview":"max-video-preview:-1"},"canonical":"https:\/\/www.oxobeachhouse.com\/en\/kontakta-oss\/","og_locale":"en_GB","og_type":"article","og_title":"Kontakta oss - OXO Beach House","og_description":"Kontakta oss F\u00f6r att vi ska kunna hj\u00e4lpa dig p\u00e5 b\u00e4sta s\u00e4tt, v\u00e4nligen anv\u00e4nd r\u00e4tt mejladress beroende p\u00e5 \u00e4rende: Bokningar F\u00f6r bokning av bord, julbord eller event:bokning@oxobeachhouse.com FAKTURAFR\u00c5GOR &amp; \u00d6VRIGA JOBBRELATERADE \u00c4RENDEN F\u00f6r fakturor, samarbeten, leverant\u00f6rskontakt eller personalfr\u00e5gor:kontakt@oxobeachhouse.com Telefon 036 332 05 50 Adress \u00d6stra storgatan 173, J\u00f6nk\u00f6ping","og_url":"https:\/\/www.oxobeachhouse.com\/en\/kontakta-oss\/","og_site_name":"OXO Beach House","article_publisher":"https:\/\/www.facebook.com\/profile.php?id=61576620539925","article_modified_time":"2026-03-17T11:23:09+00:00","og_image":[{"width":1710,"height":2560,"url":"https:\/\/www.oxobeachhouse.com\/wp-content\/uploads\/2025\/06\/OXO-2Juni-12-1-scaled.jpg","type":"image\/jpeg"}],"twitter_card":"summary_large_image","twitter_misc":{"Estimated reading time":"1 minute"},"schema":{"@context":"https:\/\/schema.org","@graph":[{"@type":"WebPage","@id":"https:\/\/www.oxobeachhouse.com\/kontakta-oss\/","url":"https:\/\/www.oxobeachhouse.com\/kontakta-oss\/","name":"Kontakta oss - OXO Beach House","isPartOf":{"@id":"https:\/\/www.oxobeachhouse.com\/#website"},"primaryImageOfPage":{"@id":"https:\/\/www.oxobeachhouse.com\/kontakta-oss\/#primaryimage"},"image":{"@id":"https:\/\/www.oxobeachhouse.com\/kontakta-oss\/#primaryimage"},"thumbnailUrl":"https:\/\/www.oxobeachhouse.com\/wp-content\/uploads\/2025\/06\/OXO-2Juni-12-1-scaled.jpg","datePublished":"2025-07-16T13:00:13+00:00","dateModified":"2026-03-17T11:23:09+00:00","breadcrumb":{"@id":"https:\/\/www.oxobeachhouse.com\/kontakta-oss\/#breadcrumb"},"inLanguage":"en-GB","potentialAction":[{"@type":"ReadAction","target":["https:\/\/www.oxobeachhouse.com\/kontakta-oss\/"]}]},{"@type":"ImageObject","inLanguage":"en-GB","@id":"https:\/\/www.oxobeachhouse.com\/kontakta-oss\/#primaryimage","url":"https:\/\/www.oxobeachhouse.com\/wp-content\/uploads\/2025\/06\/OXO-2Juni-12-1-scaled.jpg","contentUrl":"https:\/\/www.oxobeachhouse.com\/wp-content\/uploads\/2025\/06\/OXO-2Juni-12-1-scaled.jpg"},{"@type":"BreadcrumbList","@id":"https:\/\/www.oxobeachhouse.com\/kontakta-oss\/#breadcrumb","itemListElement":[{"@type":"ListItem","position":1,"name":"Hem","item":"https:\/\/www.oxobeachhouse.com\/"},{"@type":"ListItem","position":2,"name":"Kontakta oss"}]},{"@type":"WebSite","@id":"https:\/\/www.oxobeachhouse.com\/#website","url":"https:\/\/www.oxobeachhouse.com\/","name":"OXO BEACH HOUSE","description":"","publisher":{"@id":"https:\/\/www.oxobeachhouse.com\/#organization"},"potentialAction":[{"@type":"SearchAction","target":{"@type":"EntryPoint","urlTemplate":"https:\/\/www.oxobeachhouse.com\/?s={search_term_string}"},"query-input":{"@type":"PropertyValueSpecification","valueRequired":true,"valueName":"search_term_string"}}],"inLanguage":"en-GB"},{"@type":"Organization","@id":"https:\/\/www.oxobeachhouse.com\/#organization","name":"OXO BEACH HOUSE","url":"https:\/\/www.oxobeachhouse.com\/","logo":{"@type":"ImageObject","inLanguage":"en-GB","@id":"https:\/\/www.oxobeachhouse.com\/#\/schema\/logo\/image\/","url":"https:\/\/www.oxobeachhouse.com\/wp-content\/uploads\/2025\/05\/cropped-black-version-scaled-1.png","contentUrl":"https:\/\/www.oxobeachhouse.com\/wp-content\/uploads\/2025\/05\/cropped-black-version-scaled-1.png","width":512,"height":512,"caption":"OXO Beach House"},"image":{"@id":"https:\/\/www.oxobeachhouse.com\/#\/schema\/logo\/image\/"},"sameAs":["https:\/\/www.facebook.com\/profile.php?id=61576620539925","https:\/\/www.instagram.com\/oxobeachhouse\/"]}]}},"_links":{"self":[{"href":"https:\/\/www.oxobeachhouse.com\/en\/wp-json\/wp\/v2\/pages\/1082","targetHints":{"allow":["GET"]}}],"collection":[{"href":"https:\/\/www.oxobeachhouse.com\/en\/wp-json\/wp\/v2\/pages"}],"about":[{"href":"https:\/\/www.oxobeachhouse.com\/en\/wp-json\/wp\/v2\/types\/page"}],"author":[{"embeddable":true,"href":"https:\/\/www.oxobeachhouse.com\/en\/wp-json\/wp\/v2\/users\/1"}],"replies":[{"embeddable":true,"href":"https:\/\/www.oxobeachhouse.com\/en\/wp-json\/wp\/v2\/comments?post=1082"}],"version-history":[{"count":15,"href":"https:\/\/www.oxobeachhouse.com\/en\/wp-json\/wp\/v2\/pages\/1082\/revisions"}],"predecessor-version":[{"id":2044,"href":"https:\/\/www.oxobeachhouse.com\/en\/wp-json\/wp\/v2\/pages\/1082\/revisions\/2044"}],"wp:attachment":[{"href":"https:\/\/www.oxobeachhouse.com\/en\/wp-json\/wp\/v2\/media?parent=1082"}],"curies":[{"name":"wp","href":"https:\/\/api.w.org\/{rel}","templated":true}]}}